{"id":10,"date":"2015-03-17T20:00:47","date_gmt":"2015-03-17T19:00:47","guid":{"rendered":"http:\/\/protonova.no\/?page_id=10"},"modified":"2015-04-13T12:57:09","modified_gmt":"2015-04-13T10:57:09","slug":"bakgrunn","status":"publish","type":"page","link":"https:\/\/protonova.no\/?page_id=10","title":{"rendered":"Om selskapet"},"content":{"rendered":"<p>Protonova kan tilby fleksible l\u00f8sninger\u00a0med kunden i fokus.<\/p>\n<p>Erfaring med digitale verkt\u00f8y \u00e5pner opp for mange muligheter og h\u00f8y n\u00f8yaktighet p\u00e5 sluttprodukt.<\/p>\n<p>Bedriften har et eget verksted p\u00e5 75\u00a0kvadratmeter med tradisjonelle stasjon\u00e6re maskiner for bearbeidelse av tre, samt en CNC-maskin.<\/p>\n<p>P\u00e5 CNC-maskinen kan heltre, kryssfiner, mdf, skumprodukter og ulike plastmaterialer\u00a0maskineres.<\/p>\n<p>Det brukes to ulike avsug p\u00e5 maskinene i verkstedet, et syklon avsug for plast\/skum\u00a0som kan kobles til cnc maskinen, samt et eget avsug for trebaserte materialer som resirkulerer luften i lokalet,\u00a0de ulike materialene skilles\u00a0og det blir en mer milj\u00f8vennlig avfallsh\u00e5ndtering.<\/p>\n<p>&nbsp;<\/p>\n<p>&nbsp;<\/p>\n<p>&nbsp;<\/p>\n<p>&nbsp;<\/p>\n","protected":false},"excerpt":{"rendered":"<p>Protonova kan tilby fleksible l\u00f8sninger\u00a0med kunden i fokus. Erfaring med digitale verkt\u00f8y \u00e5pner opp for mange muligheter og h\u00f8y n\u00f8yaktighet p\u00e5 sluttprodukt. Bedriften har et eget verksted p\u00e5 75\u00a0kvadratmeter med tradisjonelle stasjon\u00e6re maskiner for bearbeidelse av tre, samt en CNC-maskin. P\u00e5 CNC-maskinen kan heltre, kryssfiner, mdf, skumprodukter og ulike plastmaterialer\u00a0maskineres. Det brukes to ulike avsug [&hellip;]<\/p>\n","protected":false},"author":1,"featured_media":0,"parent":0,"menu_order":3,"comment_status":"closed","ping_status":"closed","template":"","meta":{"footnotes":""},"class_list":["post-10","page","type-page","status-publish","hentry"],"_links":{"self":[{"href":"https:\/\/protonova.no\/index.php?rest_route=\/wp\/v2\/pages\/10"}],"collection":[{"href":"https:\/\/protonova.no\/index.php?rest_route=\/wp\/v2\/pages"}],"about":[{"href":"https:\/\/protonova.no\/index.php?rest_route=\/wp\/v2\/types\/page"}],"author":[{"embeddable":true,"href":"https:\/\/protonova.no\/index.php?rest_route=\/wp\/v2\/users\/1"}],"replies":[{"embeddable":true,"href":"https:\/\/protonova.no\/index.php?rest_route=%2Fwp%2Fv2%2Fcomments&post=10"}],"version-history":[{"count":10,"href":"https:\/\/protonova.no\/index.php?rest_route=\/wp\/v2\/pages\/10\/revisions"}],"predecessor-version":[{"id":77,"href":"https:\/\/protonova.no\/index.php?rest_route=\/wp\/v2\/pages\/10\/revisions\/77"}],"wp:attachment":[{"href":"https:\/\/protonova.no\/index.php?rest_route=%2Fwp%2Fv2%2Fmedia&parent=10"}],"curies":[{"name":"wp","href":"https:\/\/api.w.org\/{rel}","templated":true}]}}