{"id":25,"date":"2015-03-18T12:25:27","date_gmt":"2015-03-18T11:25:27","guid":{"rendered":"http:\/\/protonova.no\/?page_id=25"},"modified":"2019-06-11T18:04:36","modified_gmt":"2019-06-11T16:04:36","slug":"arkitekturmodeller","status":"publish","type":"page","link":"https:\/\/protonova.no\/?page_id=25","title":{"rendered":"Arkitekturmodeller"},"content":{"rendered":"<p>Protonova\u00a0lager terrengmodeller og arkitekturmodeller.<\/p>\n<p>&nbsp;<\/p>\n<p>Rhinocerus 3d og Rhinocam sikrer Kompatibilitet med de fleste tegneprogram p\u00e5 markedet.<\/p>\n<p>&nbsp;<\/p>\n<p>Protonova har egen CNC-maskin som kan maskinere over et omr\u00e5de p\u00e5 204*105 cm, maks h\u00f8yde p\u00e5 materialet p\u00e5 modell uten limskj\u00f8t i h\u00f8yden er 19 cm<\/p>\n<p>Det kan ogs\u00e5 limes\/skj\u00f8tes i h\u00f8yden for ytterligere h\u00f8yde.<\/p>\n<p>Protonova kan tilby ulike l\u00f8sninger:<\/p>\n<ul>\n<li>3d filer leveres for fresing p\u00e5 CNC maskin<\/li>\n<li>Protonova tegner 3D modell fra grunnen av, basert p\u00e5 digital fil fra kommunen (DXF\/DWG) eller kartutsnitt<\/li>\n<\/ul>\n<p>Det brukes ulike materialer :<\/p>\n<ul>\n<li>Laminert m\u00f8belt\u00f8rket heltre:<\/li>\n<\/ul>\n<p>Utsnitt fra modell i bjerk frest med CNC maskin p\u00e5 oppdrag for Perlen Eiendom AS, husene er avtagbare. Skala 1:250<\/p>\n<p>&nbsp;<\/p>\n<p><a href=\"http:\/\/protonova.no\/wp-content\/uploads\/2019\/06\/Modell-bjerk-b.jpg\"><img loading=\"lazy\" decoding=\"async\" class=\"aligncenter size-full wp-image-282\" src=\"http:\/\/protonova.no\/wp-content\/uploads\/2019\/06\/Modell-bjerk-b.jpg\" alt=\"\" width=\"604\" height=\"403\" srcset=\"https:\/\/protonova.no\/wp-content\/uploads\/2019\/06\/Modell-bjerk-b.jpg 604w, https:\/\/protonova.no\/wp-content\/uploads\/2019\/06\/Modell-bjerk-b-300x200.jpg 300w, https:\/\/protonova.no\/wp-content\/uploads\/2019\/06\/Modell-bjerk-b-600x400.jpg 600w\" sizes=\"(max-width: 604px) 100vw, 604px\" \/><\/a><\/p>\n<p>&nbsp;<\/p>\n<p>&nbsp;<\/p>\n<p>&nbsp;<\/p>\n<ul>\n<li>Modellskum, homogen hvit farge, lett \u00e5 bearbeide ogs\u00e5 med varmetr\u00e5d,\u00a0 bedre overflate enn standard eps-skum:<\/li>\n<\/ul>\n<p>Eksempel: terrengmodell i skum p\u00e5 oppdrag for Bogen Arkitektkontor, skala 1:500<\/p>\n<p><a href=\"http:\/\/protonova.no\/wp-content\/uploads\/2019\/04\/a-terrengmodell-hentet-april-2019.jpg\"><img loading=\"lazy\" decoding=\"async\" class=\"aligncenter size-large wp-image-253\" src=\"http:\/\/protonova.no\/wp-content\/uploads\/2019\/04\/a-terrengmodell-hentet-april-2019-1024x578.jpg\" alt=\"\" width=\"730\" height=\"412\" srcset=\"https:\/\/protonova.no\/wp-content\/uploads\/2019\/04\/a-terrengmodell-hentet-april-2019-1024x578.jpg 1024w, https:\/\/protonova.no\/wp-content\/uploads\/2019\/04\/a-terrengmodell-hentet-april-2019-300x169.jpg 300w, https:\/\/protonova.no\/wp-content\/uploads\/2019\/04\/a-terrengmodell-hentet-april-2019-768x433.jpg 768w, https:\/\/protonova.no\/wp-content\/uploads\/2019\/04\/a-terrengmodell-hentet-april-2019-1200x677.jpg 1200w\" sizes=\"(max-width: 730px) 100vw, 730px\" \/><\/a><\/p>\n<p>&nbsp;<\/p>\n<p>&nbsp;<\/p>\n<ul>\n<li>\u00a0Polyuretan modellskum, stabilt materiale med meget skarpe kanter, materialet er produsert spesielt med tanke p\u00e5 arkitekturmodeller. Protonova har materialet p\u00e5 lager i 10 cm tykkelse og 20 cm tykkelse.<a href=\"http:\/\/protonova.no\/wp-content\/uploads\/2019\/04\/20190204_141200.png\"><span style=\"color: #001000;\"><br \/>\n<\/span><\/a><\/li>\n<\/ul>\n<p>Materialet har lysegr\u00f8nn farge, og kan males med de fleste typer maling:<\/p>\n<p>&nbsp;<\/p>\n<p><a href=\"http:\/\/protonova.no\/wp-content\/uploads\/2015\/03\/polyuretan-pr\u00f8ve-frest-2019.jpg\"><img loading=\"lazy\" decoding=\"async\" class=\"aligncenter size-full wp-image-284\" src=\"http:\/\/protonova.no\/wp-content\/uploads\/2015\/03\/polyuretan-pr\u00f8ve-frest-2019.jpg\" alt=\"\" width=\"617\" height=\"445\" srcset=\"https:\/\/protonova.no\/wp-content\/uploads\/2015\/03\/polyuretan-pr\u00f8ve-frest-2019.jpg 617w, https:\/\/protonova.no\/wp-content\/uploads\/2015\/03\/polyuretan-pr\u00f8ve-frest-2019-300x216.jpg 300w\" sizes=\"(max-width: 617px) 100vw, 617px\" \/><\/a><\/p>\n<p>&nbsp;<\/p>\n<p>CNC fresing\u00a0 kan fint kombineres med tradisjonelle metoder der terrenget lages i papp\/kork, dette ved at geometri som det er tidkrevende eller vanskelig \u00e5 lage for h\u00e5nd freses ut med CNC.<\/p>\n<p>P\u00e5\u00a0 modellen i bildet under er\u00a0 de hvite husene \u00f8verst p\u00e5 modellen CNC frest av Protonova AS, Protonova AS har ogs\u00e5 utplassert modell-tr\u00e6r, dette ble laget p\u00e5 oppdrag for Perlen Eiendom AS.<\/p>\n<p>&nbsp;<\/p>\n<p><a href=\"http:\/\/protonova.no\/wp-content\/uploads\/2015\/03\/Skj\u00f8nnhaug.png\"><img loading=\"lazy\" decoding=\"async\" class=\"aligncenter size-full wp-image-258\" src=\"http:\/\/protonova.no\/wp-content\/uploads\/2015\/03\/Skj\u00f8nnhaug.png\" alt=\"\" width=\"880\" height=\"661\" srcset=\"https:\/\/protonova.no\/wp-content\/uploads\/2015\/03\/Skj\u00f8nnhaug.png 880w, https:\/\/protonova.no\/wp-content\/uploads\/2015\/03\/Skj\u00f8nnhaug-300x225.png 300w, https:\/\/protonova.no\/wp-content\/uploads\/2015\/03\/Skj\u00f8nnhaug-768x577.png 768w\" sizes=\"(max-width: 880px) 100vw, 880px\" \/><\/a><\/p>\n<p>&nbsp;<\/p>\n<p>&nbsp;<\/p>\n<p>&nbsp;<\/p>\n<p>&nbsp;<\/p>\n<p>&nbsp;<\/p>\n<p>&nbsp;<\/p>\n<p>&nbsp;<\/p>\n","protected":false},"excerpt":{"rendered":"<p>Protonova\u00a0lager terrengmodeller og arkitekturmodeller. &nbsp; Rhinocerus 3d og Rhinocam sikrer Kompatibilitet med de fleste tegneprogram p\u00e5 markedet. &nbsp; Protonova har egen CNC-maskin som kan maskinere over et omr\u00e5de p\u00e5 204*105 cm, maks h\u00f8yde p\u00e5 materialet p\u00e5 modell uten limskj\u00f8t i h\u00f8yden er 19 cm Det kan ogs\u00e5 limes\/skj\u00f8tes i h\u00f8yden for ytterligere h\u00f8yde. Protonova kan [&hellip;]<\/p>\n","protected":false},"author":1,"featured_media":0,"parent":0,"menu_order":1,"comment_status":"closed","ping_status":"closed","template":"","meta":{"footnotes":""},"class_list":["post-25","page","type-page","status-publish","hentry"],"_links":{"self":[{"href":"https:\/\/protonova.no\/index.php?rest_route=\/wp\/v2\/pages\/25"}],"collection":[{"href":"https:\/\/protonova.no\/index.php?rest_route=\/wp\/v2\/pages"}],"about":[{"href":"https:\/\/protonova.no\/index.php?rest_route=\/wp\/v2\/types\/page"}],"author":[{"embeddable":true,"href":"https:\/\/protonova.no\/index.php?rest_route=\/wp\/v2\/users\/1"}],"replies":[{"embeddable":true,"href":"https:\/\/protonova.no\/index.php?rest_route=%2Fwp%2Fv2%2Fcomments&post=25"}],"version-history":[{"count":57,"href":"https:\/\/protonova.no\/index.php?rest_route=\/wp\/v2\/pages\/25\/revisions"}],"predecessor-version":[{"id":299,"href":"https:\/\/protonova.no\/index.php?rest_route=\/wp\/v2\/pages\/25\/revisions\/299"}],"wp:attachment":[{"href":"https:\/\/protonova.no\/index.php?rest_route=%2Fwp%2Fv2%2Fmedia&parent=25"}],"curies":[{"name":"wp","href":"https:\/\/api.w.org\/{rel}","templated":true}]}}